{"id":56,"date":"2026-02-12T07:59:45","date_gmt":"2026-02-12T07:59:45","guid":{"rendered":"https:\/\/rodeus.ca\/?page_id=56"},"modified":"2026-02-12T08:32:36","modified_gmt":"2026-02-12T08:32:36","slug":"notre-approche-msp-en-cybersecurite","status":"publish","type":"page","link":"https:\/\/rodeus.ca\/index.php\/notre-approche-msp-en-cybersecurite\/","title":{"rendered":"Notre approche MSP en cybers\u00e9curit\u00e9"},"content":{"rendered":"\n<h2 class=\"wp-block-heading\">Une cybers\u00e9curit\u00e9 g\u00e9r\u00e9e, structur\u00e9e et orient\u00e9e r\u00e9sultats<\/h2>\n\n\n\n<p>Chez <strong>Rodeus<\/strong>, nous op\u00e9rons comme <strong>MSP sp\u00e9cialis\u00e9 en cybers\u00e9curit\u00e9<\/strong>.<br>Notre approche repose sur des services continus, mesurables et adapt\u00e9s \u00e0 la r\u00e9alit\u00e9 des PME.<\/p>\n\n\n\n<p>Nous ne vendons pas des outils.<br>Nous livrons une <strong>posture de s\u00e9curit\u00e9 ma\u00eetris\u00e9e<\/strong>, dans le temps.<\/p>\n\n\n\n<h2 class=\"wp-block-heading\">Pourquoi une approche MSP ?<\/h2>\n\n\n\n<p>Simplement car la majorit\u00e9 des incidents cyber ne sont pas caus\u00e9s par un manque d\u2019outils, mais par :<\/p>\n\n\n\n<ul class=\"wp-block-list\">\n<li>Une visibilit\u00e9 incompl\u00e8te de l\u2019environnement TI<\/li>\n\n\n\n<li>Des configurations inad\u00e9quates<\/li>\n\n\n\n<li>Un manque de suivi dans le temps<\/li>\n\n\n\n<li>Une absence de plan de reprise clair<\/li>\n<\/ul>\n\n\n\n<p>Notre approche MSP vous permet de <strong>r\u00e9duire ces risques de fa\u00e7on continue<\/strong>, plut\u00f4t que par des interventions ponctuelles.<\/p>\n\n\n\n<h2 class=\"wp-block-heading\">Les piliers de notre approche<\/h2>\n\n\n\n<div class=\"wp-block-columns is-layout-flex wp-container-core-columns-is-layout-9d6595d7 wp-block-columns-is-layout-flex\">\n<div class=\"wp-block-column is-layout-flow wp-block-column-is-layout-flow\">\n<h3 class=\"wp-block-heading\">1. Visibilit\u00e9<\/h3>\n\n\n\n<blockquote class=\"wp-block-quote is-layout-flow wp-block-quote-is-layout-flow\">\n<p>On ne prot\u00e8ge pas ce qu\u2019on ne conna\u00eet pas.<\/p>\n<\/blockquote>\n\n\n\n<p>Nous assurons une <strong>visibilit\u00e9 compl\u00e8te et \u00e0 jour<\/strong> de votre environnement :<\/p>\n\n\n\n<ul class=\"wp-block-list\">\n<li>Inventaire automatis\u00e9 des actifs TI<\/li>\n\n\n\n<li>Suivi des changements<\/li>\n\n\n\n<li>Identification des zones \u00e0 risque<\/li>\n<\/ul>\n\n\n\n<p>Cette visibilit\u00e9 est la base de toute d\u00e9cision en cybers\u00e9curit\u00e9. <\/p>\n<\/div>\n\n\n\n<div class=\"wp-block-column is-layout-flow wp-block-column-is-layout-flow\">\n<h3 class=\"wp-block-heading\">2. Protection<\/h3>\n\n\n\n<blockquote class=\"wp-block-quote is-layout-flow wp-block-quote-is-layout-flow\">\n<p>On ne peu proteger que ce que l&rsquo;on voit<\/p>\n<\/blockquote>\n\n\n\n<p>Nous mettons en place des <strong>mesures de protection adapt\u00e9es<\/strong>, sans surcomplexit\u00e9 :<\/p>\n\n\n\n<ul class=\"wp-block-list\">\n<li>Protection endpoint et EDR<\/li>\n\n\n\n<li>Politiques de s\u00e9curit\u00e9 coh\u00e9rentes<\/li>\n\n\n\n<li>Surveillance proactive des signaux faibles<\/li>\n<\/ul>\n\n\n\n<p>La protection \u00e9volue en fonction des menaces et de votre environnement.<\/p>\n<\/div>\n<\/div>\n\n\n\n<div class=\"wp-block-columns is-layout-flex wp-container-core-columns-is-layout-9d6595d7 wp-block-columns-is-layout-flex\">\n<div class=\"wp-block-column is-layout-flow wp-block-column-is-layout-flow\">\n<h3 class=\"wp-block-heading\">3. R\u00e9silience<\/h3>\n\n\n\n<p>Aucun environnement n\u2019est \u00e0 l\u2019abri d\u2019un incident.<\/p>\n\n\n\n<p>Nous pr\u00e9parons votre organisation \u00e0 :<\/p>\n\n\n\n<ul class=\"wp-block-list\">\n<li>Reprendre rapidement ses op\u00e9rations (BCDR)<\/li>\n\n\n\n<li>Limiter l\u2019impact d\u2019un incident<\/li>\n\n\n\n<li>Restaurer des syst\u00e8mes fiables<\/li>\n<\/ul>\n\n\n\n<p>La r\u00e9silience est essentielle \u00e0 la continuit\u00e9 des affaires.<\/p>\n<\/div>\n\n\n\n<div class=\"wp-block-column is-layout-flow wp-block-column-is-layout-flow\">\n<figure class=\"wp-block-image size-large\"><img loading=\"lazy\" decoding=\"async\" width=\"1024\" height=\"683\" src=\"https:\/\/rodeus.ca\/wp-content\/uploads\/2026\/02\/Rodeus_Cyber_3_pilliers-1024x683.jpg\" alt=\"\" class=\"wp-image-65\" srcset=\"https:\/\/rodeus.ca\/wp-content\/uploads\/2026\/02\/Rodeus_Cyber_3_pilliers-1024x683.jpg 1024w, https:\/\/rodeus.ca\/wp-content\/uploads\/2026\/02\/Rodeus_Cyber_3_pilliers-300x200.jpg 300w, https:\/\/rodeus.ca\/wp-content\/uploads\/2026\/02\/Rodeus_Cyber_3_pilliers-768x512.jpg 768w, https:\/\/rodeus.ca\/wp-content\/uploads\/2026\/02\/Rodeus_Cyber_3_pilliers-1536x1024.jpg 1536w, https:\/\/rodeus.ca\/wp-content\/uploads\/2026\/02\/Rodeus_Cyber_3_pilliers-2048x1365.jpg 2048w\" sizes=\"auto, (max-width: 1024px) 100vw, 1024px\" \/><\/figure>\n<\/div>\n<\/div>\n\n\n\n<h2 class=\"wp-block-heading\">Comment nous travaillons concr\u00e8tement<\/h2>\n\n\n\n<div class=\"wp-block-columns is-layout-flex wp-container-core-columns-is-layout-9d6595d7 wp-block-columns-is-layout-flex\">\n<div class=\"wp-block-column is-layout-flow wp-block-column-is-layout-flow\">\n<h3 class=\"wp-block-heading\">\u00c9tape 1 \u2014 \u00c9valuation initiale<\/h3>\n\n\n\n<ul class=\"wp-block-list\">\n<li>Analyse de l\u2019environnement TI<\/li>\n\n\n\n<li>Identification des risques prioritaires<\/li>\n\n\n\n<li>Recommandation du niveau de service appropri\u00e9<\/li>\n<\/ul>\n\n\n\n<h3 class=\"wp-block-heading\">\u00c9tape 3 \u2014 Services g\u00e9r\u00e9s continus<\/h3>\n\n\n\n<ul class=\"wp-block-list\">\n<li>Surveillance proactive<\/li>\n\n\n\n<li>Ajustements r\u00e9guliers<\/li>\n\n\n\n<li>Rapports p\u00e9riodiques<\/li>\n\n\n\n<li>Support MSP<\/li>\n<\/ul>\n<\/div>\n\n\n\n<div class=\"wp-block-column is-layout-flow wp-block-column-is-layout-flow\">\n<h3 class=\"wp-block-heading\">\u00c9tape 2 \u2014 Mise en place structur\u00e9e<\/h3>\n\n\n\n<ul class=\"wp-block-list\">\n<li>D\u00e9ploiement des outils<\/li>\n\n\n\n<li>Configuration selon les bonnes pratiques<\/li>\n\n\n\n<li>Documentation claire<\/li>\n<\/ul>\n\n\n\n<h3 class=\"wp-block-heading\">\u00c9tape 4 \u2014 Am\u00e9lioration continue<\/h3>\n\n\n\n<ul class=\"wp-block-list\">\n<li>Revue p\u00e9riodique de la posture de s\u00e9curit\u00e9<\/li>\n\n\n\n<li>Ajustement des contr\u00f4les<\/li>\n\n\n\n<li>Adaptation aux nouveaux risques<\/li>\n<\/ul>\n<\/div>\n<\/div>\n\n\n\n<div class=\"wp-block-columns is-layout-flex wp-container-core-columns-is-layout-9d6595d7 wp-block-columns-is-layout-flex\">\n<div class=\"wp-block-column is-layout-flow wp-block-column-is-layout-flow\">\n<h2 class=\"wp-block-heading\">Ce qui nous distingue<\/h2>\n\n\n\n<ul class=\"wp-block-list\">\n<li><strong>Notre sp\u00e9cialisation en cybers\u00e9curit\u00e9<\/strong>, pas de TI g\u00e9n\u00e9raliste<\/li>\n\n\n\n<li>Nos outils sont maitris\u00e9s, reconnus et \u00e9prouv\u00e9s<\/li>\n\n\n\n<li>Approche pragmatique orient\u00e9e risques d\u2019affaires<\/li>\n\n\n\n<li>Transparence des services inclus et exclus<\/li>\n\n\n\n<li>Documentation utile (audits, Cyber-assurances, gestion du risque)<\/li>\n<\/ul>\n\n\n\n<h2 class=\"wp-block-heading\">\u00c0 qui s\u2019adresse notre approche ?<\/h2>\n\n\n\n<ul class=\"wp-block-list\">\n<li>PME d\u00e9pendantes de leurs syst\u00e8mes informatiques<\/li>\n\n\n\n<li>Organisations en croissance<\/li>\n\n\n\n<li>Entreprises souhaitant une posture cyber claire et mesurable<\/li>\n<\/ul>\n\n\n\n<p>Si vos TI sont critiques, cette approche est pour vous.<\/p>\n<\/div>\n\n\n\n<div class=\"wp-block-column is-layout-flow wp-block-column-is-layout-flow\">\n<h2 class=\"wp-block-heading\">Discutons de votre posture de cybers\u00e9curit\u00e9<\/h2>\n\n\n\n<p>Nos services sont :<\/p>\n\n\n\n<ul class=\"wp-block-list\">\n<li>Contractualis\u00e9s, expliqu\u00e9s et clairements ecrits<\/li>\n\n\n\n<li>Structur\u00e9s par forfait &amp; \u00e9volutifs dans le temps<\/li>\n<\/ul>\n\n\n\n<p><\/p>\n\n\n\n<h2 class=\"wp-block-heading\">Une relation claire et durable<\/h2>\n\n\n\n<p>Vous souhaitez comprendre o\u00f9 vous en \u00eates et quelles sont vos priorit\u00e9s ?<\/p>\n\n\n\n<p>\ud83d\udc49 <a href=\"https:\/\/rodeus.ca\/index.php\/contact\/\" data-type=\"page\" data-id=\"40\"><strong>Planifier une \u00e9valuation<\/strong>, <strong>parlez \u00e0 un conseiller Rodeus<\/strong><\/a><\/p>\n<\/div>\n<\/div>\n\n\n\n<p>Notre objectif n\u2019est pas de multiplier les interventions, mais de <strong>r\u00e9duire durablement votre exposition aux risques<\/strong>.<\/p>\n\n\n\n<p><\/p>\n","protected":false},"excerpt":{"rendered":"<p>Une cybers\u00e9curit\u00e9 g\u00e9r\u00e9e, structur\u00e9e et orient\u00e9e r\u00e9sultats Chez Rodeus, nous op\u00e9rons comme MSP sp\u00e9cialis\u00e9 en cybers\u00e9curit\u00e9.Notre approche repose sur des services continus, mesurables et adapt\u00e9s \u00e0 la r\u00e9alit\u00e9 des PME. Nous ne vendons pas des outils.Nous livrons une posture de s\u00e9curit\u00e9 ma\u00eetris\u00e9e, dans le temps. Pourquoi une approche MSP ? Simplement car la majorit\u00e9 des [&hellip;]<\/p>\n","protected":false},"author":1,"featured_media":0,"parent":0,"menu_order":0,"comment_status":"closed","ping_status":"closed","template":"","meta":{"footnotes":""},"class_list":["post-56","page","type-page","status-publish","hentry"],"_links":{"self":[{"href":"https:\/\/rodeus.ca\/index.php\/wp-json\/wp\/v2\/pages\/56","targetHints":{"allow":["GET"]}}],"collection":[{"href":"https:\/\/rodeus.ca\/index.php\/wp-json\/wp\/v2\/pages"}],"about":[{"href":"https:\/\/rodeus.ca\/index.php\/wp-json\/wp\/v2\/types\/page"}],"author":[{"embeddable":true,"href":"https:\/\/rodeus.ca\/index.php\/wp-json\/wp\/v2\/users\/1"}],"replies":[{"embeddable":true,"href":"https:\/\/rodeus.ca\/index.php\/wp-json\/wp\/v2\/comments?post=56"}],"version-history":[{"count":17,"href":"https:\/\/rodeus.ca\/index.php\/wp-json\/wp\/v2\/pages\/56\/revisions"}],"predecessor-version":[{"id":76,"href":"https:\/\/rodeus.ca\/index.php\/wp-json\/wp\/v2\/pages\/56\/revisions\/76"}],"wp:attachment":[{"href":"https:\/\/rodeus.ca\/index.php\/wp-json\/wp\/v2\/media?parent=56"}],"curies":[{"name":"wp","href":"https:\/\/api.w.org\/{rel}","templated":true}]}}