{"id":77,"date":"2026-02-12T08:41:22","date_gmt":"2026-02-12T08:41:22","guid":{"rendered":"https:\/\/rodeus.ca\/?page_id=77"},"modified":"2026-02-12T08:42:24","modified_gmt":"2026-02-12T08:42:24","slug":"services-gestion-dactifs-visibilite-ti-avec-lansweeper","status":"publish","type":"page","link":"https:\/\/rodeus.ca\/index.php\/services-gestion-dactifs-visibilite-ti-avec-lansweeper\/","title":{"rendered":"Services &#8211; Gestion d\u2019actifs &amp; visibilit\u00e9 TI avec Lansweeper"},"content":{"rendered":"\n<p>Obtenez une visibilit\u00e9 compl\u00e8te de votre environnement IT \u2014 avec ou SANS agents.<\/p>\n\n\n\n<blockquote class=\"wp-block-quote is-layout-flow wp-block-quote-is-layout-flow\">\n<p>\u00ab Demander une d\u00e9mo gratuite \u00bb<\/p>\n<\/blockquote>\n\n\n\n<div class=\"wp-block-columns is-layout-flex wp-container-core-columns-is-layout-9d6595d7 wp-block-columns-is-layout-flex\">\n<div class=\"wp-block-column is-layout-flow wp-block-column-is-layout-flow\">\n<p><strong>Probl\u00e8mes que nous r\u00e9solvons<\/strong><\/p>\n\n\n\n<ul class=\"wp-block-list\">\n<li>Inventaire incomplet ou manuel<\/li>\n\n\n\n<li>Silos entre services TI<\/li>\n\n\n\n<li>Audits de conformit\u00e9 complexes<\/li>\n\n\n\n<li>Gestion des licences co\u00fbteuse<\/li>\n<\/ul>\n\n\n\n<p><strong>Fonctionnalit\u00e9s cl\u00e9s<\/strong><\/p>\n\n\n\n<ul class=\"wp-block-list\">\n<li>D\u00e9couverte r\u00e9seau agentless<\/li>\n\n\n\n<li>Tableaux de bord personnalis\u00e9s<\/li>\n\n\n\n<li>Alertes de changements<\/li>\n\n\n\n<li>Analyse de vuln\u00e9rabilit\u00e9s int\u00e9gr\u00e9e<\/li>\n<\/ul>\n<\/div>\n\n\n\n<div class=\"wp-block-column is-layout-flow wp-block-column-is-layout-flow\">\n<p><strong>Pourquoi Lansweeper avec Rodeus<\/strong><\/p>\n\n\n\n<ul class=\"wp-block-list\">\n<li>D\u00e9couverte active des actifs TI (On-Premise + Cloud)<\/li>\n\n\n\n<li>Cartographie d\u00e9taill\u00e9e des d\u00e9pendances<\/li>\n\n\n\n<li>Rapports de conformit\u00e9 automatis\u00e9s<\/li>\n\n\n\n<li>Int\u00e9grations (SCCM, Active Directory, ITSM, etc.)<\/li>\n<\/ul>\n\n\n\n<p><strong>R\u00e9sultats mesurables<\/strong><\/p>\n\n\n\n<ul class=\"wp-block-list\">\n<li>R\u00e9duction des t\u00e2ches manuelles<\/li>\n\n\n\n<li>Visibilit\u00e9 100 % des actifs<\/li>\n\n\n\n<li>Temps d\u2019audit r\u00e9duit de 60 %<\/li>\n\n\n\n<li>Expersise reconnue depuis 18 ans !<\/li>\n<\/ul>\n<\/div>\n<\/div>\n","protected":false},"excerpt":{"rendered":"<p>Obtenez une visibilit\u00e9 compl\u00e8te de votre environnement IT \u2014 avec ou SANS agents. \u00ab Demander une d\u00e9mo gratuite \u00bb Probl\u00e8mes que nous r\u00e9solvons Fonctionnalit\u00e9s cl\u00e9s Pourquoi Lansweeper avec Rodeus R\u00e9sultats mesurables<\/p>\n","protected":false},"author":1,"featured_media":0,"parent":0,"menu_order":0,"comment_status":"closed","ping_status":"closed","template":"","meta":{"footnotes":""},"class_list":["post-77","page","type-page","status-publish","hentry"],"_links":{"self":[{"href":"https:\/\/rodeus.ca\/index.php\/wp-json\/wp\/v2\/pages\/77","targetHints":{"allow":["GET"]}}],"collection":[{"href":"https:\/\/rodeus.ca\/index.php\/wp-json\/wp\/v2\/pages"}],"about":[{"href":"https:\/\/rodeus.ca\/index.php\/wp-json\/wp\/v2\/types\/page"}],"author":[{"embeddable":true,"href":"https:\/\/rodeus.ca\/index.php\/wp-json\/wp\/v2\/users\/1"}],"replies":[{"embeddable":true,"href":"https:\/\/rodeus.ca\/index.php\/wp-json\/wp\/v2\/comments?post=77"}],"version-history":[{"count":2,"href":"https:\/\/rodeus.ca\/index.php\/wp-json\/wp\/v2\/pages\/77\/revisions"}],"predecessor-version":[{"id":80,"href":"https:\/\/rodeus.ca\/index.php\/wp-json\/wp\/v2\/pages\/77\/revisions\/80"}],"wp:attachment":[{"href":"https:\/\/rodeus.ca\/index.php\/wp-json\/wp\/v2\/media?parent=77"}],"curies":[{"name":"wp","href":"https:\/\/api.w.org\/{rel}","templated":true}]}}