{"id":9,"date":"2026-02-09T20:17:44","date_gmt":"2026-02-09T20:17:44","guid":{"rendered":"https:\/\/rodeus.ca\/?page_id=9"},"modified":"2026-02-12T09:00:58","modified_gmt":"2026-02-12T09:00:58","slug":"services-de-cybersecurite-sur-mesure","status":"publish","type":"page","link":"https:\/\/rodeus.ca\/","title":{"rendered":"Services de Cybers\u00e9curit\u00e9 sur mesure"},"content":{"rendered":"\n<div class=\"wp-block-columns is-layout-flex wp-container-core-columns-is-layout-9d6595d7 wp-block-columns-is-layout-flex\">\n<div class=\"wp-block-column is-layout-flow wp-block-column-is-layout-flow\">\n<h1 class=\"wp-block-heading\">Cybers\u00e9curit\u00e9 proactive pour votre entreprise<\/h1>\n\n\n\n<p>Plus de 18 ans d&rsquo;exp\u00e9rience en TI et Lansweeper. Obtenez une visibilit\u00e9 compl\u00e8te sur vos actifs. Renforcez votre posture de cybers\u00e9curit\u00e9.<br><\/p>\n\n\n\n<div class=\"wp-block-buttons is-content-justification-right is-layout-flex wp-container-core-buttons-is-layout-765c4724 wp-block-buttons-is-layout-flex\">\n<div class=\"wp-block-button\"><a class=\"wp-block-button__link has-text-align-center wp-element-button\" href=\"https:\/\/rodeus.ca\/index.php\/services-gestion-dactifs-visibilite-ti-avec-lansweeper\/\">Voir les services<\/a><\/div>\n<\/div>\n<\/div>\n\n\n\n<div class=\"wp-block-column is-layout-flow wp-block-column-is-layout-flow\"><div class=\"wp-block-image\">\n<figure class=\"alignright size-full\"><img loading=\"lazy\" decoding=\"async\" width=\"429\" height=\"400\" src=\"https:\/\/rodeus.ca\/wp-content\/uploads\/2026\/02\/image-1.png\" alt=\"\" class=\"wp-image-12\" style=\"aspect-ratio:1.072509636843173\" srcset=\"https:\/\/rodeus.ca\/wp-content\/uploads\/2026\/02\/image-1.png 429w, https:\/\/rodeus.ca\/wp-content\/uploads\/2026\/02\/image-1-300x280.png 300w\" sizes=\"auto, (max-width: 429px) 100vw, 429px\" \/><\/figure>\n<\/div><\/div>\n<\/div>\n\n\n\n<div class=\"wp-block-columns is-layout-flex wp-container-core-columns-is-layout-9d6595d7 wp-block-columns-is-layout-flex\">\n<div class=\"wp-block-column is-layout-flow wp-block-column-is-layout-flow\"><div class=\"wp-block-image\">\n<figure class=\"alignleft size-large\"><img loading=\"lazy\" decoding=\"async\" width=\"1024\" height=\"701\" src=\"https:\/\/rodeus.ca\/wp-content\/uploads\/2026\/02\/Rodeus_CyberExpert-1024x701.png\" alt=\"\" class=\"wp-image-13\" style=\"aspect-ratio:1.4615447353396949\" srcset=\"https:\/\/rodeus.ca\/wp-content\/uploads\/2026\/02\/Rodeus_CyberExpert-1024x701.png 1024w, https:\/\/rodeus.ca\/wp-content\/uploads\/2026\/02\/Rodeus_CyberExpert-300x205.png 300w, https:\/\/rodeus.ca\/wp-content\/uploads\/2026\/02\/Rodeus_CyberExpert-768x525.png 768w, https:\/\/rodeus.ca\/wp-content\/uploads\/2026\/02\/Rodeus_CyberExpert.png 1216w\" sizes=\"auto, (max-width: 1024px) 100vw, 1024px\" \/><\/figure>\n<\/div><\/div>\n\n\n\n<div class=\"wp-block-column is-layout-flow wp-block-column-is-layout-flow\">\n<h2 class=\"wp-block-heading\">Expertise cl\u00e9<\/h2>\n\n\n\n<p><strong>Inventaire complet<\/strong><br>Inventaire des actifs TI avec Lansweeper.<\/p>\n\n\n\n<p><strong>\u00c9valuations<br><\/strong>\u00c9valuations de s\u00e9curit\u00e9 et maturit\u00e9 TI.<\/p>\n\n\n\n<p><strong>Gestion PKI<br><\/strong>PKI et gestion des certificats.<\/p>\n\n\n\n<p><strong>Support bilingue<br><\/strong>Support en francais et anglais<\/p>\n<\/div>\n<\/div>\n\n\n\n<div class=\"wp-block-columns is-layout-flex wp-container-core-columns-is-layout-9d6595d7 wp-block-columns-is-layout-flex\">\n<div class=\"wp-block-column is-layout-flow wp-block-column-is-layout-flow\">\n<h2 class=\"wp-block-heading\">Pr\u00eat \u00e0 am\u00e9liorer votre s\u00e9curit\u00e9?<\/h2>\n\n\n\n<p>R\u00e9servez une consultation gratuite de 30 minutes.<\/p>\n\n\n\n<p>Discutons de vos besoins en cybers\u00e9curit\u00e9. Notre \u00e9quipe bilingue est pr\u00eate \u00e0 vous aider. Prenez rendez-vous d\u00e8s aujourd&rsquo;hui.<\/p>\n\n\n\n<div class=\"wp-block-buttons is-content-justification-right is-layout-flex wp-container-core-buttons-is-layout-765c4724 wp-block-buttons-is-layout-flex\">\n<div class=\"wp-block-button\"><a class=\"wp-block-button__link wp-element-button\" href=\"https:\/\/rodeus.ca\/index.php\/contact\/\">R\u00e9server maintenant<\/a><\/div>\n<\/div>\n<\/div>\n\n\n\n<div class=\"wp-block-column is-layout-flow wp-block-column-is-layout-flow\">\n<figure class=\"wp-block-image size-large\"><img loading=\"lazy\" decoding=\"async\" width=\"1024\" height=\"701\" src=\"https:\/\/rodeus.ca\/wp-content\/uploads\/2026\/02\/Rodeus_ProactiveCybersecurity-1024x701.png\" alt=\"\" class=\"wp-image-14\" srcset=\"https:\/\/rodeus.ca\/wp-content\/uploads\/2026\/02\/Rodeus_ProactiveCybersecurity-1024x701.png 1024w, https:\/\/rodeus.ca\/wp-content\/uploads\/2026\/02\/Rodeus_ProactiveCybersecurity-300x205.png 300w, https:\/\/rodeus.ca\/wp-content\/uploads\/2026\/02\/Rodeus_ProactiveCybersecurity-768x525.png 768w, https:\/\/rodeus.ca\/wp-content\/uploads\/2026\/02\/Rodeus_ProactiveCybersecurity.png 1216w\" sizes=\"auto, (max-width: 1024px) 100vw, 1024px\" \/><\/figure>\n<\/div>\n<\/div>\n","protected":false},"excerpt":{"rendered":"<p>Cybers\u00e9curit\u00e9 proactive pour votre entreprise Plus de 18 ans d&rsquo;exp\u00e9rience en TI et Lansweeper. Obtenez une visibilit\u00e9 compl\u00e8te sur vos actifs. Renforcez votre posture de cybers\u00e9curit\u00e9. Expertise cl\u00e9 Inventaire completInventaire des actifs TI avec Lansweeper. \u00c9valuations\u00c9valuations de s\u00e9curit\u00e9 et maturit\u00e9 TI. Gestion PKIPKI et gestion des certificats. Support bilingueSupport en francais et anglais Pr\u00eat \u00e0 [&hellip;]<\/p>\n","protected":false},"author":1,"featured_media":0,"parent":0,"menu_order":0,"comment_status":"closed","ping_status":"closed","template":"","meta":{"footnotes":""},"class_list":["post-9","page","type-page","status-publish","hentry"],"_links":{"self":[{"href":"https:\/\/rodeus.ca\/index.php\/wp-json\/wp\/v2\/pages\/9","targetHints":{"allow":["GET"]}}],"collection":[{"href":"https:\/\/rodeus.ca\/index.php\/wp-json\/wp\/v2\/pages"}],"about":[{"href":"https:\/\/rodeus.ca\/index.php\/wp-json\/wp\/v2\/types\/page"}],"author":[{"embeddable":true,"href":"https:\/\/rodeus.ca\/index.php\/wp-json\/wp\/v2\/users\/1"}],"replies":[{"embeddable":true,"href":"https:\/\/rodeus.ca\/index.php\/wp-json\/wp\/v2\/comments?post=9"}],"version-history":[{"count":24,"href":"https:\/\/rodeus.ca\/index.php\/wp-json\/wp\/v2\/pages\/9\/revisions"}],"predecessor-version":[{"id":82,"href":"https:\/\/rodeus.ca\/index.php\/wp-json\/wp\/v2\/pages\/9\/revisions\/82"}],"wp:attachment":[{"href":"https:\/\/rodeus.ca\/index.php\/wp-json\/wp\/v2\/media?parent=9"}],"curies":[{"name":"wp","href":"https:\/\/api.w.org\/{rel}","templated":true}]}}